{"id":2399,"date":"2013-12-05T19:48:46","date_gmt":"2013-12-05T19:48:46","guid":{"rendered":"http:\/\/wpexplorer-demos.com\/total\/?page_id=2399"},"modified":"2023-05-10T10:37:29","modified_gmt":"2023-05-10T10:37:29","slug":"features","status":"publish","type":"page","link":"https:\/\/yaseminerdin.com\/?page_id=2399","title":{"rendered":"About me and my art"},"content":{"rendered":"[vc_row full_width=&#8221;stretch_row&#8221; bg_style=&#8221;stretch&#8221; video_bg_overlay=&#8221;none&#8221; css=&#8221;.vc_custom_1489885544865{border-top-width: 0px !important;border-right-width: 0px !important;border-bottom-width: 1px !important;border-left-width: 0px !important;padding-top: 75px !important;padding-bottom: 45px !important;background-color: #f6f6f6 !important;border-left-color: #e8e8e8 !important;border-left-style: solid !important;border-right-color: #e8e8e8 !important;border-right-style: solid !important;border-top-color: #e8e8e8 !important;border-top-style: solid !important;border-bottom-color: #e8e8e8 !important;border-bottom-style: solid !important;}&#8221;][vc_column width=&#8221;2\/3&#8243;][vc_column_text]On my resent works<\/p>\n<p>&nbsp;<\/p>\n<p>Drawing, which is the simplest and most straightforward way of expression, is the trace of the creative process between the void and the mark.<\/p>\n<p>The dialogue that starts with the first mark I leave on the surface in my artistic practices is like walking on a path that is both familiar and unfamiliar, providing an opportunity for exploring the known and unknown, conscious and unconscious aspects of myself.<\/p>\n<p>The gardens consisting of fictional spaces built with organic forms, cell structures, plants, roots, flowers, organisms, rocks, creatures, and female figures, which I combine with paint in my works, constitute the theme of my recent paintings.<\/p>\n<p>My paintings are the stories of the living beings in an internal garden that takes root and flourishes in my intimate space.[\/vc_column_text][\/vc_column][vc_column width=&#8221;1\/3&#8243;][vc_single_image image=&#8221;4753&#8243; css_animation=&#8221;right-to-left&#8221; alignment=&#8221;right&#8221;][\/vc_column][\/vc_row][vc_row bg_style=&#8221;stretch&#8221; video_bg_overlay=&#8221;none&#8221; css=&#8221;.vc_custom_1489885549520{padding-top: 70px !important;padding-bottom: 75px !important;}&#8221;][vc_column width=&#8221;1\/3&#8243;]<div class=\"vcex-spacing wpex-w-100 wpex-clear visible-desktop\"><\/div>[vc_single_image image=&#8221;4759&#8243; css_animation=&#8221;left-to-right&#8221;][\/vc_column][vc_column width=&#8221;2\/3&#8243;][vc_column_text]Bio<\/p>\n<p>Yasemin Erdin Tavuk\u00e7u\u00a0 graduated from Ni\u015fanta\u015f\u0131 Anatolian High School in 1995 and from Mimar Sinan University Department of Painting, Ne\u015fe Erdok Atelier and As\u0131m \u0130\u015fler Engraving Atelier in 2000.<\/p>\n<p>She worked in Tayfun Erdo\u011fmu\u015f Atelier and Marmara University Fine Arts Institute Department of Painting Main Art Branch in 2001-2002.<\/p>\n<p>In 2006, she completed the Master&#8217;s Program in the Department of Painting at Mimar Sinan Fine Arts University with her thesis &#8220;Approaches to the Concept of City in Plastic Arts in the 20th Century&#8221;.<\/p>\n<p>She worked on lithography and serigraphy.<\/p>\n<p>Between 2009-2011, she and her artist friends established &#8220;216 Idea and Production Space&#8221; and produced projects.<\/p>\n<p>In 2022, she completed the Proficiency in Art Program with her work &#8220;Creative Process and Design&#8221; at Mimar Sinan Fine Arts University.<\/p>\n<p>She continues her personal painting studies in her atelier in Bodrum.[\/vc_column_text][\/vc_column][\/vc_row][vc_row full_width=&#8221;stretch_row&#8221; bg_style=&#8221;stretch&#8221; video_bg_overlay=&#8221;none&#8221; css=&#8221;.vc_custom_1489885632851{border-top-width: 1px !important;border-right-width: 0px !important;border-bottom-width: 1px !important;border-left-width: 0px !important;padding-top: 65px !important;padding-bottom: 65px !important;background-color: #f6f6f6 !important;border-left-color: #e8e8e8 !important;border-left-style: solid !important;border-right-color: #e8e8e8 !important;border-right-style: solid !important;border-top-color: #e8e8e8 !important;border-top-style: solid !important;border-bottom-color: #e8e8e8 !important;border-bottom-style: solid !important;}&#8221;][vc_column width=&#8221;2\/3&#8243;][vc_column_text]Son d\u00f6nem \u00e7al\u0131\u015fmalar\u0131m \u00fczerine<\/p>\n<p>&nbsp;<\/p>\n<p>\u0130fade etmenin en sade ve dolays\u0131z yolu olan \u00e7izim; \u201cbo\u015fluk ve iz aras\u0131ndaki an\u201d yarat\u0131c\u0131 s\u00fcrecin izidir.<\/p>\n<p>Sanatsal uygulamalar\u0131mda y\u00fczeyde b\u0131rakt\u0131\u011f\u0131m ilk iz ile ba\u015flayan diyalog, benim i\u00e7in hem a\u015fina hem yabanc\u0131 bir patikada y\u00fcr\u00fcy\u00fc\u015f gibi, bilinen ve bilinmeyenin, bilin\u00e7 ve bilin\u00e7alt\u0131m\u0131n ke\u015ffine olanak sa\u011flayan bir y\u00f6ntemdir.<\/p>\n<p>\u00c7izimlerimle boyay\u0131 birle\u015ftirdi\u011fim \u00e7al\u0131\u015fmalar\u0131mdaki organik formlar, h\u00fccre yap\u0131lar\u0131, bitkiler, k\u00f6kler, \u00e7i\u00e7ekler, organizmalar, kayalar, yarat\u0131klar ve kad\u0131n fig\u00fcrleriyle yap\u0131lanan kurgu mek\u00e2nlardan olu\u015fan bah\u00e7elerdeki hikyeler son d\u00f6nemki resimlerimin temas\u0131n\u0131 olu\u015fturmaktad\u0131r.<\/p>\n<p>Resimlerim kendi mahrem alan\u0131nda k\u00f6klenip ye\u015feren, \u00e7i\u00e7eklenen bir i\u00e7sel bah\u00e7enin ve buradaki canl\u0131lar\u0131n hik\u00e2yeleridir.[\/vc_column_text][\/vc_column][vc_column width=&#8221;1\/3&#8243;]<div class=\"vcex-spacing wpex-w-100 wpex-clear visible-desktop\"><\/div>[vc_single_image image=&#8221;4729&#8243; css_animation=&#8221;right-to-left&#8221;][\/vc_column][\/vc_row][vc_row full_width=&#8221;stretch_row&#8221; bg_style=&#8221;stretch&#8221; video_bg_overlay=&#8221;none&#8221; css=&#8221;.vc_custom_1683715030136{border-top-width: 1px !important;border-right-width: 0px !important;border-bottom-width: 1px !important;border-left-width: 0px !important;padding-top: 75px !important;padding-bottom: 45px !important;background-color: #ffffff !important;border-left-color: #e8e8e8 !important;border-left-style: solid !important;border-right-color: #e8e8e8 !important;border-right-style: solid !important;border-top-color: #e8e8e8 !important;border-top-style: solid !important;border-bottom-color: #e8e8e8 !important;border-bottom-style: solid !important;}&#8221;][vc_column width=&#8221;2\/3&#8243;][vc_column_text css=&#8221;.vc_custom_1683714997618{background-color: #ffffff !important;}&#8221;]Bio<\/p>\n<p>Yasemin Erdin Tavuk\u00e7u 1995 y\u0131l\u0131nda Ni\u015fanta\u015f\u0131 Anadolu Lisesi\u2019nden, 2000\u2019de ise Mimar Sinan \u00dcniversitesi Resim B\u00f6l\u00fcm\u00fc Ne\u015f\u2019e Erdok At\u00f6lyesi ve As\u0131m \u0130\u015fler Grav\u00fcr At\u00f6lyesi\u2019 nden mezun oldu.<\/p>\n<p>2001-2002 Tayfun Erdo\u011fmu\u015f At\u00f6lyesi, Marmara \u00dcniversitesi G\u00fczel Sanatlar Enstit\u00fcs\u00fc Resim Ana Sanat Dal\u0131nda \u00e7al\u0131\u015ft\u0131.<\/p>\n<p>2006 Mimar Sinan G\u00fczel Sanatlar \u00dcniversitesi, Resim B\u00f6l\u00fcm\u00fc Y\u00fcksek Lisans Program\u0131n\u0131 \u201c20.yy da Plastik Sanatlarda Kent Olgusuna Yakla\u015f\u0131mlar\u201d eser metini ile tamamlad\u0131.<\/p>\n<p>Litografi ve serigrafi \u00e7al\u0131\u015fmalar\u0131 yapt\u0131.<\/p>\n<p>2009-2011 aras\u0131 sanat\u00e7\u0131 arkada\u015flar\u0131yla birlikte\u00a0\u201c216 D\u00fc\u015f\u00fcnce ve \u00dcretim Alan\u0131\u201dn\u0131 kurup projeler \u00fcretti.<\/p>\n<p>2022 y\u0131l\u0131nda Mimar Sinan G\u00fczel Sanatlar \u00dcniversitesi\u2019nde Sanatta Yeterlilik Program\u0131\u2019n\u0131 \u201cYarat\u0131c\u0131 S\u00fcre\u00e7 ve Desen\u201d eser metni ile tamamlad\u0131.<\/p>\n<p>Ki\u015fisel resim \u00e7al\u0131\u015fmalar\u0131n\u0131 Bodrum\u2019daki at\u00f6lyesinde s\u00fcrd\u00fcrmektedir.[\/vc_column_text][\/vc_column][vc_column width=&#8221;1\/3&#8243;][vc_single_image image=&#8221;4796&#8243; css_animation=&#8221;right-to-left&#8221; alignment=&#8221;right&#8221;][\/vc_column][\/vc_row][vc_row][vc_column][\/vc_column][\/vc_row]\n","protected":false},"excerpt":{"rendered":"<p>[vc_row full_width=&#8221;stretch_row&#8221; bg_style=&#8221;stretch&#8221; video_bg_overlay=&#8221;none&#8221; css=&#8221;.vc_custom_1489885544865{border-top-width: 0px !important;border-right-width: 0px !important;border-bottom-width: 1px !important;border-left-width: 0px !important;padding-top: 75px !important;padding-bottom: 45px !important;background-color: #f6f6f6 !important;border-left-color: #e8e8e8 !important;border-left-style: solid !important;border-right-color: #e8e8e8 !important;border-right-style: solid !important;border-top-color: #e8e8e8 !important;border-top-style: solid !important;border-bottom-color: #e8e8e8 !important;border-bottom-style: solid !important;}&#8221;][vc_column width=&#8221;2\/3&#8243;][vc_column_text]On my resent works &nbsp; Drawing, which is the simplest and most straightforward way of expression, is the trace of&hellip;<\/p>\n","protected":false},"author":1,"featured_media":0,"parent":0,"menu_order":0,"comment_status":"closed","ping_status":"closed","template":"","meta":{"footnotes":""},"class_list":["post-2399","page","type-page","status-publish","hentry","entry","no-media"],"_links":{"self":[{"href":"https:\/\/yaseminerdin.com\/index.php?rest_route=\/wp\/v2\/pages\/2399","targetHints":{"allow":["GET"]}}],"collection":[{"href":"https:\/\/yaseminerdin.com\/index.php?rest_route=\/wp\/v2\/pages"}],"about":[{"href":"https:\/\/yaseminerdin.com\/index.php?rest_route=\/wp\/v2\/types\/page"}],"author":[{"embeddable":true,"href":"https:\/\/yaseminerdin.com\/index.php?rest_route=\/wp\/v2\/users\/1"}],"replies":[{"embeddable":true,"href":"https:\/\/yaseminerdin.com\/index.php?rest_route=%2Fwp%2Fv2%2Fcomments&post=2399"}],"version-history":[{"count":3,"href":"https:\/\/yaseminerdin.com\/index.php?rest_route=\/wp\/v2\/pages\/2399\/revisions"}],"predecessor-version":[{"id":5002,"href":"https:\/\/yaseminerdin.com\/index.php?rest_route=\/wp\/v2\/pages\/2399\/revisions\/5002"}],"wp:attachment":[{"href":"https:\/\/yaseminerdin.com\/index.php?rest_route=%2Fwp%2Fv2%2Fmedia&parent=2399"}],"curies":[{"name":"wp","href":"https:\/\/api.w.org\/{rel}","templated":true}]}}